{"id":6081,"date":"2017-04-24T14:47:43","date_gmt":"2017-04-24T14:47:43","guid":{"rendered":"https:\/\/naqvilaw.com\/careers\/"},"modified":"2023-06-28T11:48:51","modified_gmt":"2023-06-28T18:48:51","slug":"carreras","status":"publish","type":"page","link":"https:\/\/naqvilaw.com\/es\/carreras\/","title":{"rendered":"Carreras"},"content":{"rendered":"<section class=\"careers-header\">\n\t<div class=\"content-left\">\n\t\t<h3>\u00a1Trabajamos duro durante las horas de trabajo para poder jugar mucho fuera de la oficina!<\/h3>\n\t\t<p class=\"orange-subtitle\">Experimente un equipo que es m\u00e1s que compa\u00f1eros de trabajo: somos una familia. Nos apoyamos dentro y fuera de la oficina.<\/p>\n\t\t<ul class=\"reasons-work\">\n\t\t\t<li><strong>Ofrecemos lo mejor porque contratamos a los mejores.<\/strong>Cuando trabaje en Naqvi Injury Law, ser\u00e1 parte de un equipo \u00e9lite de profesionales que son \u00e9ticos, informados, minuciosos, amigables, leales y honestos.<\/li>\n\t\t\t<li><strong>Formaci\u00f3n de primera calidad.<\/strong>Nuestra filosof\u00eda es contratar en funci\u00f3n de la personalidad y la \u00e9tica de trabajo, en lugar de centrarnos \u00fanicamente en el nivel de experiencia. Independientemente de su conjunto de habilidades, aprender\u00e1 a sobresalir en su puesto con oportunidades de capacitaci\u00f3n cruzada por parte de algunos de los mejores de la industria.\n<br>\nTres palabras m\u00e1gicas: d\u00edas libres remunerados. Ofrecemos tiempo de vacaciones competitivo y pago de vacaciones para nuestros empleados de tiempo completo.\n<\/li>\n\t\t\t<li><strong>Coseche los beneficios<\/strong>Disfrute de beneficios y compensaciones de primer nivel.\nAmamos a nuestra comunidad. Tiene la oportunidad de retribuir y trabajar con aquellos que realmente se preocupan por hacer una diferencia en nuestra comunidad.\n<\/li>\n\t\t\t<li><strong>Three magic words &ndash; Paid Time Off. <\/strong>We offer competitive vacation time and holiday pay for our full-time employees.&nbsp;<\/li>\n\t\t\t<li><strong>Reap the benefits.<\/strong><strong>&nbsp;<\/strong>Enjoy top-tier benefits and compensation.<\/li>\n\t\t\t<li><strong>We love our community.<\/strong><strong>&nbsp;<\/strong>You have the opportunity to give back and work with those who truly care about making a difference in our community.<\/li>\n\t\t<\/ul>\n\t\t<a href=\"https:\/\/recruiting.paylocity.com\/recruiting\/jobs\/All\/121d2c62-0bec-4e00-9492-a5af105ba8b4\/Personal-Injury-of-Nevada\" target=\"_blank\" class=\"button\" onclick=\"window.lintrk(&#039;track&#039;, { conversion_id: 6820580 })\" rel=\"noopener\">Oportunidades de Trabajo Disponibles<\/a>\n\t<\/div>\n\n\t<div class=\"content-right lazyload\" data-bg-img=\"https:\/\/naqvilaw.com\/wp-content\/uploads\/2019\/05\/team-office-contact.jpg\">\n\t\t<div><img loading=\"lazy\" decoding=\"async\" width=\"519\" height=\"666\" src=\"https:\/\/naqvilaw.com\/wp-content\/uploads\/2020\/10\/naqvi-careers-bust.png\" class=\"attachment-full size-full\" alt=\"naqvi image\" srcset=\"https:\/\/naqvilaw.com\/wp-content\/uploads\/2020\/10\/naqvi-careers-bust.png 519w, https:\/\/naqvilaw.com\/wp-content\/uploads\/2020\/10\/naqvi-careers-bust-234x300.png 234w\" sizes=\"auto, (max-width: 34.9rem) calc(100vw - 2rem), (max-width: 53rem) calc(8 * (100vw \/ 12)), (min-width: 53rem) calc(6 * (100vw \/ 12)), 100vw\" \/><\/div>\n\t<\/div>\n<\/section>\n\n\n<section>\n<img decoding=\"async\" src=\"https:\/\/naqvilaw.com\/wp-content\/uploads\/2024\/09\/Naqvi_VGK-Raiders_Banner_1920x200-02-1.jpg\" style=\"width:100%!important;\">\n<\/section>\n\n<section class=\"slim-settlements content-width\">\n\t<div class=\"flex-content flex-col-5\">\n\t\t<a href=\"https:\/\/naqvilaw.com\/es\/resultados\/\">\n\t\t\t<h4>$65.7 Millones<\/h4>\n\t\t\t<div class=\"settle-border\"><\/div>\n\t\t\t<p>Accidente En Auto<\/p>\n\t\t<\/a>\n\t\t<a href=\"https:\/\/naqvilaw.com\/es\/resultados\/\">\n\t\t\t<h4>$22.5 Millones<\/h4>\n\t\t\t<div class=\"settle-border\"><\/div>\n\t\t\t<p>Accidente En Auto<\/p>\n\t\t<\/a>\n\t\t<a href=\"https:\/\/naqvilaw.com\/es\/resultados\/\">\n\t\t\t<h4>$10.9 Millones<\/h4>\n\t\t\t<div class=\"settle-border\"><\/div>\n\t\t\t<p>Brain Injury and Facial Fractures<\/p>\n\t\t<\/a>\n\t\t<a href=\"https:\/\/naqvilaw.com\/es\/resultados\/\">\n\t\t\t<h4>$7.4 Millones<\/h4>\n\t\t\t<div class=\"settle-border\"><\/div>\n\t\t\t<p>Producto Defectuoso<\/p>\n\t\t<\/a>\n\t\t<a href=\"https:\/\/naqvilaw.com\/es\/resultados\/\">\n\t\t\t<h4>$4.2 Millones<\/h4>\n\t\t\t<div class=\"settle-border\"><\/div>\n\t\t\t<p>Motocicleta Afectada por Conductor<\/p>\n\t\t<\/a>\n\t<\/div>\n<\/section>\n\n\n","protected":false},"excerpt":{"rendered":"","protected":false},"author":4,"featured_media":0,"parent":0,"menu_order":0,"comment_status":"closed","ping_status":"closed","template":"","meta":{"footnotes":""},"class_list":["post-6081","page","type-page","status-publish","hentry","entry"],"_links":{"self":[{"href":"https:\/\/naqvilaw.com\/es\/wp-json\/wp\/v2\/pages\/6081","targetHints":{"allow":["GET"]}}],"collection":[{"href":"https:\/\/naqvilaw.com\/es\/wp-json\/wp\/v2\/pages"}],"about":[{"href":"https:\/\/naqvilaw.com\/es\/wp-json\/wp\/v2\/types\/page"}],"author":[{"embeddable":true,"href":"https:\/\/naqvilaw.com\/es\/wp-json\/wp\/v2\/users\/4"}],"replies":[{"embeddable":true,"href":"https:\/\/naqvilaw.com\/es\/wp-json\/wp\/v2\/comments?post=6081"}],"version-history":[{"count":0,"href":"https:\/\/naqvilaw.com\/es\/wp-json\/wp\/v2\/pages\/6081\/revisions"}],"wp:attachment":[{"href":"https:\/\/naqvilaw.com\/es\/wp-json\/wp\/v2\/media?parent=6081"}],"curies":[{"name":"wp","href":"https:\/\/api.w.org\/{rel}","templated":true}]}}