{"id":4684,"date":"2019-06-18T07:37:51","date_gmt":"2019-06-18T13:37:51","guid":{"rendered":"https:\/\/naqvilaw.com\/?page_id=4684"},"modified":"2019-06-20T12:08:27","modified_gmt":"2019-06-20T18:08:27","slug":"preguntas-frecuentes","status":"publish","type":"page","link":"https:\/\/naqvilaw.com\/es\/preguntas-frecuentes\/","title":{"rendered":"Preguntas Frecuentes"},"content":{"rendered":"<div class=\"standard-head\">\n\t<h1>Preguntas Frecuentes<\/h1>\n<\/div>\n\n\n\n<div class=\"content-width\" style=\"padding:0\">\n<label tabindex=\"1\" class=\"toggle\" onkeyup=\"openTab(event, this)\" onclick=\"changeFocus(this)\" role=\"button\" aria-expanded=\"false\"><strong>\u00bfRealmente necesito contratar un abogado de lesiones personales?<\/strong><input type=\"radio\" name=\"toggle-group\"><p class=\"dropdown-arrow\"><\/p><div id=\"toggle-content\" tabindex=\"1\">Esta pregunta se puede responder llam\u00e1ndonos y dici\u00e9ndonos lo que sucedi\u00f3. Algunos casos pueden no necesitar los servicios de un abogado de lesiones personales, sin embargo, te conviene llamarnos para una consulta gratuita para que podamos averiguar si tienes un caso. Si se determina que tienes un reclamo por lesiones leg\u00edtimas, tiene sentido que contrates un abogado que podr\u00eda generar un acuerdo o veredicto mayor al que lograr\u00edas por tu cuenta.<\/div><\/label>\n<label tabindex=\"1\" class=\"toggle\" onkeyup=\"openTab(event, this)\" onclick=\"changeFocus(this)\" role=\"button\" aria-expanded=\"false\"><strong>\u00bfCu\u00e1nto tiempo dura todo el proceso de litigio por lesiones?<\/strong><input type=\"radio\" name=\"toggle-group\"><p class=\"dropdown-arrow\"><\/p><div id=\"toggle-content\" tabindex=\"1\">No hay una respuesta \u00fanica a esta pregunta. Realmente depende de tu lesi\u00f3n y de lo complicado que sea el caso. Algunas demandas tardan unas semanas en resolverse, mientras que otras tardan m\u00e1s, sin embargo, puedo asegurarle que mover\u00e9 cielo y tierra para obtener la compensaci\u00f3n que necesitas y mereces.<\/div><\/label>\n<label tabindex=\"1\" class=\"toggle\" onkeyup=\"openTab(event, this)\" onclick=\"changeFocus(this)\" role=\"button\" aria-expanded=\"false\"><strong>Tengo muy poco dinero y me preocupa no poder contratar un abogado de lesiones. \u00bfQue puedo hacer?<\/strong><input type=\"radio\" name=\"toggle-group\"><p class=\"dropdown-arrow\"><\/p><div id=\"toggle-content\" tabindex=\"1\">No te preocupes. No tienes que pagar nada por adelantado. Mi empresa maneja los casos con una \u00abtarifa de contingencia\u00bb. Esto significa que solo se nos pagas cuando te paguen.<\/div><\/label>\n<label tabindex=\"1\" class=\"toggle\" onkeyup=\"openTab(event, this)\" onclick=\"changeFocus(this)\" role=\"button\" aria-expanded=\"false\"><strong>Me lastim\u00e9 en un accidente automovil\u00edstico. \u00bfCu\u00e1l es el valor de mi reclamo por lesiones personales?<\/strong><input type=\"radio\" name=\"toggle-group\"><p class=\"dropdown-arrow\"><\/p><div id=\"toggle-content\" tabindex=\"1\">Esto depende de la severidad de su lesi\u00f3n. \u00bfEst\u00e1s incapacitado permanentemente o no puedes regresar a tu trabajo debido a la lesi\u00f3n? \u00bfPerdiste a un ser querido en el accidente automovil\u00edstico? Cada caso es diferente, por lo tanto cada acuerdo \/ veredicto es diferente. La mejor forma de determinar el valor de tu posible caso es llam\u00e1ndome.<\/div><\/label>\n<label tabindex=\"1\" class=\"toggle\" onkeyup=\"openTab(event, this)\" onclick=\"changeFocus(this)\" role=\"button\" aria-expanded=\"false\"><strong>\u00bfCu\u00e1l es la diferencia entre un acuerdo y un veredicto?<\/strong><input type=\"radio\" name=\"toggle-group\"><p class=\"dropdown-arrow\"><\/p><div id=\"toggle-content\" tabindex=\"1\">Un acuerdo es un acuerdo voluntario entre el demandante lesionado (es decir, usted) y, generalmente, la compa\u00f1\u00eda de seguros del demandado. El acuerdo pondr\u00e1 fin al caso a cambio de un pago \u00fanico de una cierta cantidad de dinero. Un veredicto es una decisi\u00f3n tomada por un jurado. Por lo general, o bien es \u00abuna sentencia para el demandante por un monto de X d\u00f3lares\u00bb o \u00abun juicio para el acusado\u00bb.<\/div><\/label>\n<label tabindex=\"1\" class=\"toggle\" onkeyup=\"openTab(event, this)\" onclick=\"changeFocus(this)\" role=\"button\" aria-expanded=\"false\"><strong>\u00bfQu\u00e9 son los da\u00f1os punitivos y compensatorios?<\/strong><input type=\"radio\" name=\"toggle-group\"><p class=\"dropdown-arrow\"><\/p><div id=\"toggle-content\" tabindex=\"1\"> Los da\u00f1os punitivos y compensatorios generalmente se combinan para ser la suma de un juicio.<\/p>\n<p>Los da\u00f1os punitivos son una forma de castigar al acusado por una violaci\u00f3n grave del contrato o una ley en particular y disuadirlo de acciones similares en el futuro. Estos da\u00f1os a veces se usan para dar ejemplos a otras compa\u00f1\u00edas o individuos que podr\u00edan violar una ley o contrato similar. Sin embargo, los da\u00f1os punitivos no siempre se otorgan y la mayor\u00eda de los juicios se componen solo de da\u00f1os compensatorios.<\/p>\n<p>Los da\u00f1os compensatorios est\u00e1n destinados a contrarrestar las lesiones del demandante. El monto puede incluir una compensaci\u00f3n por facturas m\u00e9dicas, honorarios legales, dolor y sufrimiento, etc. cuando el objetivo es compensar adecuadamente al demandante por los diferentes aspectos de su accidente y lesi\u00f3n.<\/div><\/label>\n<label tabindex=\"1\" class=\"toggle\" onkeyup=\"openTab(event, this)\" onclick=\"changeFocus(this)\" role=\"button\" aria-expanded=\"false\"><strong>\u00bfCobras por hora?<\/strong><input type=\"radio\" name=\"toggle-group\"><p class=\"dropdown-arrow\"><\/p><div id=\"toggle-content\" tabindex=\"1\">No. Me complace manejar todos los casos de lesiones personales con una \u00abtarifa de contingencia base.\u00bb \u00bfQu\u00e9 es una  tarifa de contingencia? Es cuando se acepta a pagar un porcentaje de la recuperaci\u00f3n total en el caso. El porcentaje var\u00eda seg\u00fan el tipo de caso de lesi\u00f3n. Este es un buen sistema para ti, el cliente, ya que yo me encargo de los gastos para iniciar el proceso de litigio por lesiones.<\/div><\/label>\n<label tabindex=\"1\" class=\"toggle\" onkeyup=\"openTab(event, this)\" onclick=\"changeFocus(this)\" role=\"button\" aria-expanded=\"false\"><strong>No vi a un m\u00e9dico hasta seis meses despu\u00e9s del accidente. La compa\u00f1\u00eda de seguros dice que hay un l\u00edmite de tiempo para ver a un m\u00e9dico y que no pagar\u00e1n mis gastos. \u00bfHay realmente un l\u00edmite de tiempo para ver a un m\u00e9dico?<\/strong><input type=\"radio\" name=\"toggle-group\"><p class=\"dropdown-arrow\"><\/p><div id=\"toggle-content\" tabindex=\"1\">No hay un l\u00edmite de tiempo legal para ver a un m\u00e9dico. La compa\u00f1\u00eda de seguros b\u00e1sicamente est\u00e1 diciendo que no cree que tu lesi\u00f3n haya sido causada por el accidente ya que esperaste seis meses despu\u00e9s del accidente para ver a un m\u00e9dico.<\/div><\/label>\n<label tabindex=\"1\" class=\"toggle\" onkeyup=\"openTab(event, this)\" onclick=\"changeFocus(this)\" role=\"button\" aria-expanded=\"false\"><strong>\u00bfPuedo demandar por algo que podr\u00eda haber sucedido?<\/strong><input type=\"radio\" name=\"toggle-group\"><p class=\"dropdown-arrow\"><\/p><div id=\"toggle-content\" tabindex=\"1\">No. La ley establece la b\u00fasqueda de una indemnizaci\u00f3n por una lesi\u00f3n que se debi\u00f3 a la falta de cuidado de otra persona, compa\u00f1\u00eda o entidad. Es necesario que haya alg\u00fan tipo de conexi\u00f3n directa entre el descuido y su lesi\u00f3n. El hecho de que algo \u00abpodr\u00eda\u00bb haber sucedido no cuenta.<\/div><\/label>\n<label tabindex=\"1\" class=\"toggle\" onkeyup=\"openTab(event, this)\" onclick=\"changeFocus(this)\" role=\"button\" aria-expanded=\"false\"><strong>\u00bfDe cu\u00e1nto debe ser el seguro de mi auto?<\/strong><input type=\"radio\" name=\"toggle-group\"><p class=\"dropdown-arrow\"><\/p><div id=\"toggle-content\" tabindex=\"1\">El estado de Nevada requiere que todos los veh\u00edculos actualmente registrados mantengan un seguro de responsabilidad durante todo el per\u00edodo de registro, incluso si no usas tu auto, cami\u00f3n, camioneta u otro veh\u00edculo de motor.<\/p>\n<p>La ley del estado de Nevada requiere la siguiente cobertura m\u00ednima:<\/p>\n<p>Da\u00f1os corporales<br \/>\n$ 15,000 por la muerte o lesi\u00f3n por cualquier persona y cualquier accidente<br \/>\n$ 30,000 para todas las personas en cualquier accidente<\/p>\n<p>Da\u00f1o a la propiedad<br \/>\n$ 10,000 por cualquier accidente, sin embargo, se recomienda que compres m\u00e1s que la cobertura m\u00ednima. \u00bfPor qu\u00e9? Porque si est\u00e1s involucrado en un gran accidente automovil\u00edstico, es posible que no puedas recuperar lo suficiente como para cubrir adecuadamente los gastos m\u00e9dicos. Por ejemplo, si tu reclamo por lesiones vale $ 100,000, pero tanto tu como el conductor culpable solo tienen un m\u00ednimo de $ 15,000 \/ $ 30,000 por lesiones corporales, la compa\u00f1\u00eda de seguros del conductor culpable te pagar\u00e1 $ 15,000 y tu propio proveedor de seguros te pagar\u00e1 $ 15,000. Tambi\u00e9n deber\u00edas comprar un seguro de motociclista no asegurado \/ con seguro insuficiente, ya que aproximadamente del 10 al 15 por ciento de los conductores de Nevada no cuentan con un seguro de autom\u00f3vil adecuado. Si compras esta cobertura, puedes presentar un reclamo contra tu propio seguro para ayudarte a recuperar tus gastos por lesiones.<\/div><\/label>\n<label tabindex=\"1\" class=\"toggle\" onkeyup=\"openTab(event, this)\" onclick=\"changeFocus(this)\" role=\"button\" aria-expanded=\"false\"><strong>\u00bfEst\u00e1 bien que asista a una rehabilitaci\u00f3n adicional que mi m\u00e9dico no me haya recomendado, pero creo que puede ayudar en el proceso de sanaci\u00f3n?<\/strong><input type=\"radio\" name=\"toggle-group\"><p class=\"dropdown-arrow\"><\/p><div id=\"toggle-content\" tabindex=\"1\">Recomiendo evitar esto y todas las actividades f\u00edsicas de rehabilitaci\u00f3n que tu m\u00e9dico no recomiende directamente. \u00bfPor qu\u00e9? Porque los abogados defensores de seguros tratar\u00e1n de usar esto en tu contra durante una deposici\u00f3n y luego podr\u00edan usar esa deposici\u00f3n en la corte. Podr\u00edan intentar argumentar que eres capaz de realizar la actividad XYZ y esto es inconsistente con alguien que sufre de una lesi\u00f3n en particular. El mejor consejo a seguir es el de tu m\u00e9dico.<\/div><\/label>\n<\/div>\n<div style=\"padding:2em;\"><\/div>\n","protected":false},"excerpt":{"rendered":"","protected":false},"author":4,"featured_media":0,"parent":0,"menu_order":0,"comment_status":"closed","ping_status":"closed","template":"","meta":{"footnotes":""},"class_list":["post-4684","page","type-page","status-publish","hentry","entry"],"_links":{"self":[{"href":"https:\/\/naqvilaw.com\/es\/wp-json\/wp\/v2\/pages\/4684","targetHints":{"allow":["GET"]}}],"collection":[{"href":"https:\/\/naqvilaw.com\/es\/wp-json\/wp\/v2\/pages"}],"about":[{"href":"https:\/\/naqvilaw.com\/es\/wp-json\/wp\/v2\/types\/page"}],"author":[{"embeddable":true,"href":"https:\/\/naqvilaw.com\/es\/wp-json\/wp\/v2\/users\/4"}],"replies":[{"embeddable":true,"href":"https:\/\/naqvilaw.com\/es\/wp-json\/wp\/v2\/comments?post=4684"}],"version-history":[{"count":0,"href":"https:\/\/naqvilaw.com\/es\/wp-json\/wp\/v2\/pages\/4684\/revisions"}],"wp:attachment":[{"href":"https:\/\/naqvilaw.com\/es\/wp-json\/wp\/v2\/media?parent=4684"}],"curies":[{"name":"wp","href":"https:\/\/api.w.org\/{rel}","templated":true}]}}